
{"id":57,"date":"2025-05-30T06:04:53","date_gmt":"2025-05-30T06:04:53","guid":{"rendered":"https:\/\/es.profit.co\/?page_id=57"},"modified":"2025-07-24T09:42:29","modified_gmt":"2025-07-24T09:42:29","slug":"pricing","status":"publish","type":"page","link":"https:\/\/es.profit.co\/precios\/","title":{"rendered":"Precios"},"content":{"rendered":"<section class=\"bg-gradient pb-2 pt-4 py-md-6\">\n<div class=\"mx-auto container px-4 px-md-5\">\n<div class=text-center>\n<h1 class=\"display-5 fw-bold mb-4 text-dark\">\u00a1Vamos a encontrar el paquete ideal para ti!<\/h1>\n<p class=\"mx-auto fs-5 text-secondary\"style=max-width:800px>Elige la combinaci\u00f3n perfecta de herramientas para impulsar tu negocio con nuestros paquetes de soluciones integrales<\/div>\n<\/div>\n<\/section>\n<section>\n<div class=\"container mx-auto px-4 px-md-5\">\n<h2 class=\"text-dark fs-2 fw-bold mb-4\">M\u00f3dulos principales<\/h2>\n<div class=\"g-4 row row-cols-1 row-cols-lg-4 row-cols-md-2\">\n<div class=col>\n<div class=\"card h-100 module-card primary-module\"data-module-index=0 data-module-type=primary>\n<div class=\"card-body p-4\"style=\"border-top:10px solid #c5def2\">\n<h3 class=\"mb-3 fs-5 fw-semibold text-dark\">OKRs y Gesti\u00f3n de tareas<\/h3>\n<p class=\"mb-3 text-secondary\">Para optimizar el rendimiento del negocio y ejecutar tus estrategias con precisi\u00f3n.<\/p>\n<div class=dropdown-container><a aria-expanded=false class=\"collapsed dropdown-toggle text-decoration-none\"data-bs-target=#primaryCollapse0 data-bs-toggle=collapse href=# role=button>M\u00e1s detalles <i class=\"bi bi-chevron-down ms-1 small\"><\/i><\/a><\/p>\n<div class=\"collapse mt-3\"id=primaryCollapse0>\n<h6>OKR Management<\/h6>\n<ul class=\"ps-3 lh-lg\">\n<li>Creaci\u00f3n de OKRs\n<li>Seguimiento de progreso\n<li>300+ KPIs integrados\n<li>Alineaci\u00f3n y cascada\n<li>Notificaciones autom\u00e1ticas\n<li>Revisi\u00f3n PPP\n<li>Dashboards personalizados en tiempo real\n<li>Plantillas de OKRs\n<li>Reflexionar y reiniciar\n<li>Informes PPT descargables<\/ul>\n<h6>Task Management<\/h6>\n<ul class=\"ps-3 lh-lg\">\n<li>Espacios de trabajo, tableros y etapas\n<li>Vista Kanban y Gantt\n<li>Planificaci\u00f3n y seguimiento de sprints\n<li>Recordatorios y notificaciones\n<li>Conversi\u00f3n de correo a tarea<\/ul>\n<\/div>\n<\/div>\n<\/div>\n<\/div>\n<\/div>\n<div class=col>\n<div class=\"card h-100 module-card primary-module\"data-module-index=1 data-module-type=primary>\n<div class=\"card-body p-4\"style=\"border-top:10px solid #c9e4df\">\n<h3 class=\"mb-3 fs-5 fw-semibold text-dark\">Gesti\u00f3n del desempe\u00f1o y metas<\/h3>\n<p class=\"mb-3 text-secondary\">Para medir el rendimiento, aumentar la responsabilidad y fomentar el crecimiento del talento.<\/p>\n<div class=dropdown-container><a aria-expanded=false class=\"collapsed dropdown-toggle text-decoration-none\"data-bs-target=#primaryCollapse1 data-bs-toggle=collapse href=# role=button>M\u00e1s detalles <i class=\"bi bi-chevron-down ms-1 small\"><\/i><\/a><\/p>\n<div class=\"collapse mt-3\"id=primaryCollapse1>\n<h6>Performance Management<\/h6>\n<ul class=\"ps-3 lh-lg\">\n<li>Evaluaci\u00f3n de 360 grados\n<li>Plantillas personalizadas\n<li>Marco de competencias\n<li>Revisi\u00f3n basada en objetivos\n<li>C\u00e1lculo de puntuaciones ponderadas\n<li>Cuadrante de talento\n<li>Insights de evaluaci\u00f3n\n<li>Curva de campana y calibraciones\n<li>Planes de desarrollo individual\n<li>Planes de mejora del rendimiento<\/ul>\n<h6>Goals<\/h6>\n<ul class=\"ps-3 lh-lg\">\n<li>Metas individuales a largo plazo\n<li>Promedio ponderado de metas\n<li>Biblioteca de metas\n<li>Flujo de aprobaci\u00f3n\n<li>Seguimiento de metas\n<li>Asociar KR a meta individual<\/ul>\n<\/div>\n<\/div>\n<\/div>\n<\/div>\n<\/div>\n<div class=col>\n<div class=\"card h-100 module-card primary-module\"data-module-index=2 data-module-type=primary>\n<div class=\"card-body p-4\"style=\"border-top:10px solid #f8d9c4\">\n<h3 class=\"mb-3 fs-5 fw-semibold text-dark\">Gesti\u00f3n de portafolio de proyectos<\/h3>\n<p class=\"mb-3 text-secondary\">Para alinear portafolios con la estrategia y agilizar la ejecuci\u00f3n de proyectos.<\/p>\n<div class=dropdown-container><a aria-expanded=false class=\"collapsed dropdown-toggle text-decoration-none\"data-bs-target=#primaryCollapse2 data-bs-toggle=collapse href=# role=button>M\u00e1s detalles <i class=\"bi bi-chevron-down ms-1 small\"><\/i><\/a><\/p>\n<div class=\"collapse mt-3\"id=primaryCollapse2>\n<h6>Project Portfolio Management<\/h6>\n<ul class=\"ps-3 lh-lg\">\n<li>Gesti\u00f3n de recursos\n<li>Gesti\u00f3n del valor ganado\n<li>Hojas de tiempo\n<li>Planificaci\u00f3n de presupuestos\n<li>Replanificaci\u00f3n de proyectos\n<li>Riesgos y problemas\n<li>Fases clave\n<li>Subproyectos\n<li>Reuniones\n<li>Integraciones\n<li>Flujo de aprobaci\u00f3n<\/ul>\n<\/div>\n<\/div>\n<\/div>\n<\/div>\n<\/div>\n<div class=col>\n<div class=\"card h-100 module-card primary-module\"data-module-index=3 data-module-type=primary>\n<div class=\"card-body p-4\"style=\"border-top:10px solid #faedcb\">\n<h3 class=\"mb-3 fs-5 fw-semibold text-dark\">Balanced scorecard<\/h3>\n<p class=\"mb-3 text-secondary\">Para alinear objetivos estrat\u00e9gicos y mejorar el rendimiento organizacional.<\/p>\n<div class=dropdown-container><a aria-expanded=false class=\"collapsed dropdown-toggle text-decoration-none\"data-bs-target=#primaryCollapse3 data-bs-toggle=collapse href=# role=button>M\u00e1s detalles <i class=\"bi bi-chevron-down ms-1 small\"><\/i><\/a><\/p>\n<div class=\"collapse mt-3\"id=primaryCollapse3>\n<h6>Balanced scorecard<\/h6>\n<ul class=\"ps-3 lh-lg\">\n<li>Personalizaci\u00f3n de perspectivas\n<li>Presentaci\u00f3n\n<li>Ponderaciones\n<li>Resumen de KPIs\n<li>Cabina de control\n<li>Localizaci\u00f3n\n<li>Mapa estrat\u00e9gico\n<li>Alineaci\u00f3n\n<li>Reuniones\n<li>Integraciones\n<li>Flujo de aprobaci\u00f3n<\/ul>\n<\/div>\n<\/div>\n<\/div>\n<\/div>\n<\/div>\n<\/div>\n<\/div>\n<\/section>\n<section class=\"py-5 bg-white\">\n<div class=\"container mx-auto px-4 px-md-5\">\n<div class=\"mb-4 text-center\">\n<h2 class=\"mb-3 text-dark fs-2 fw-bold\">Obt\u00e9n una cotizaci\u00f3n personalizada<\/h2>\n<div style=text-align:center><a class=\"text-decoration-none border-0 cta-main-effect fs-5 fw-semibold my-2 px-3 py-2 rounded\"href=\/solicitar-demostracion\/ type=button>Solicita tu demo gratis<\/a><\/div>\n<\/div>\n<\/div>\n<\/section>\n<section class=\"py-5 bg-light\">\n<div class=\"container mx-auto px-4 px-md-5\">\n<h2 class=\"text-dark fs-2 fw-bold mb-4\">Complementos<\/h2>\n<div class=\"g-4 row row-cols-1 row-cols-lg-4 row-cols-md-2\">\n<div class=col>\n<div class=\"addon-module card h-100 module-card\"data-module-index=0 data-module-type=addon>\n<div class=\"card-body p-4\">\n<h3 class=\"mb-3 text-dark fs-5 fw-semibold\">Mapas estrat\u00e9gicos<\/h3>\n<p class=\"mb-3 text-secondary\">Para dise\u00f1ar hojas de ruta e iniciativas empresariales.<\/p>\n<div class=dropdown-container><a class=\"text-decoration-none dropdown-toggle\"href=# data-bs-target=#addonCollapse0 data-bs-toggle=collapse role=button>M\u00e1s detalles <i class=\"bi bi-chevron-down ms-1 small\"><\/i><\/a><\/p>\n<div class=\"collapse mt-3\"id=addonCollapse0>\n<ul class=\"lh-lg ps-3\">\n<li>Planificaci\u00f3n de hojas de ruta\n<li>Visualizaci\u00f3n de hojas de ruta\n<li>Gesti\u00f3n de iniciativas estrat\u00e9gicas\n<li>Dashboards en tiempo real<\/ul>\n<\/div>\n<\/div>\n<\/div>\n<div class=\"card-footer bg-indigo-soft\"><\/div>\n<\/div>\n<\/div>\n<div class=col>\n<div class=\"addon-module card h-100 module-card\"data-module-index=1 data-module-type=addon>\n<div class=\"card-body p-4\">\n<h3 class=\"mb-3 text-dark fs-5 fw-semibold\">Reuniones 1 a 1 y en equipo<\/h3>\n<p class=\"mb-3 text-secondary\">Para facilitar reuniones significativas uno a uno y en equipo.<\/p>\n<div class=dropdown-container><a class=\"text-decoration-none dropdown-toggle\"href=# data-bs-target=#addonCollapse1 data-bs-toggle=collapse role=button>M\u00e1s detalles <i class=\"bi bi-chevron-down ms-1 small\"><\/i><\/a><\/p>\n<div class=\"collapse mt-3\"id=addonCollapse1>\n<ul class=\"lh-lg ps-3\">\n<li>Reuniones 1 a 1 y en equipo\n<li>Verificador de disponibilidad\n<li>Programaci\u00f3n de reuniones recurrentes\n<li>Integraci\u00f3n de videoconferencias\n<li>Notas personales de reuni\u00f3n\n<li>Env\u00edo de res\u00famenes\n<li>Sincronizaci\u00f3n con Google y Outlook<\/ul>\n<\/div>\n<\/div>\n<\/div>\n<div class=\"card-footer bg-purple-soft\"><\/div>\n<\/div>\n<\/div>\n<div class=col>\n<div class=\"addon-module card h-100 module-card\"data-module-index=2 data-module-type=addon>\n<div class=\"card-body p-4\">\n<h3 class=\"mb-3 text-dark fs-5 fw-semibold\">Reconocimientos y recompensas<\/h3>\n<p class=\"mb-3 text-secondary\">Fomenta una cultura de reconocimiento premiando logros.<\/p>\n<div class=dropdown-container><a class=\"text-decoration-none dropdown-toggle\"href=# data-bs-target=#addonCollapse2 data-bs-toggle=collapse role=button>M\u00e1s detalles <i class=\"bi bi-chevron-down ms-1 small\"><\/i><\/a><\/p>\n<div class=\"collapse mt-3\"id=addonCollapse2>\n<ul class=\"lh-lg ps-3\">\n<li>Reconocimiento social y hitos\n<li>Celebraci\u00f3n de ocasiones\n<li>Insights basados en desempe\u00f1o\n<li>App m\u00f3vil amigable\n<li>Canje de tarjetas de regalo<\/ul>\n<\/div>\n<\/div>\n<\/div>\n<div class=\"card-footer bg-danger-soft\"><\/div>\n<\/div>\n<\/div>\n<div class=col>\n<div class=\"addon-module card h-100 module-card\"data-module-index=3 data-module-type=addon>\n<div class=\"card-body p-4\">\n<h3 class=\"mb-3 text-dark fs-5 fw-semibold\">Compromiso de los empleados<\/h3>\n<p class=\"mb-3 text-secondary\">Para medir el pulso del empleado mediante encuestas personalizadas.<\/p>\n<div class=dropdown-container><a class=\"text-decoration-none dropdown-toggle\"href=# data-bs-target=#addonCollapse3 data-bs-toggle=collapse role=button>M\u00e1s detalles <i class=\"bi bi-chevron-down ms-1 small\"><\/i><\/a><\/p>\n<div class=\"collapse mt-3\"id=addonCollapse3>\n<ul class=\"lh-lg ps-3\">\n<li>Encuestas de retroalimentaci\u00f3n en tiempo real\n<li>Recolecci\u00f3n confidencial\n<li>Creador de cuestionarios\n<li>Repositorio de preguntas\n<li>Insights para decisiones informadas\n<li>Encuestas multiling\u00fces\n<li>Alertas instant\u00e1neas<\/ul>\n<\/div>\n<\/div>\n<\/div>\n<div class=\"card-footer bg-teal-soft\"><\/div>\n<\/div>\n<\/div>\n<\/div>\n<\/div>\n<\/section>\n<p><!-- \n\n<section class=py-5>\n\n<div class=\"container mx-auto px-4 px-md-5\">\n\n<div class=\"align-items-center bg-white border border-gray-200 d-flex flex-column flex-md-row justify-content-between p-4 p-md-5 rounded-lg shadow-sm\">\n\n<p class=\"fw-medium mb-3 mb-md-0 text-dark\">Exclusive Enterprise Rates for Bundled Purchases, High Volume Orders & On-Premises Services<\/p>\n\n<button class=\"fw-medium btn btn-warning text-white\">Contact Sales<\/button><\/div>\n\n<\/div>\n\n<\/section>\n\n --><\/p>\n<style>.bg-gradient{background:linear-gradient(180deg,#f0f7ff 0,#fff 100%)}.module-card{transition:.3s;border-width:2px!important;height:100%}.module-card:hover{box-shadow:0 10px 25px rgba(0,0,0,.1)!important;transform:translateY(-3px)}.card-footer{height:4px;padding:0!important;border-top:none!important}.dropdown-toggle{color:#2563eb!important;display:inline-flex;align-items:center}.dropdown-toggle:hover{color:#1e40af!important;text-decoration:none}.bg-primary-soft{background-color:#93c5fd}.bg-success-soft{background-color:#86efac}.bg-warning-soft{background-color:#fdba74}.bg-info-soft{background-color:#fde047}.bg-indigo-soft{background-color:#a5b4fc}.bg-purple-soft{background-color:#d8b4fe}.bg-danger-soft{background-color:#fca5a5}.bg-teal-soft{background-color:#5eead4}.primary-module{border-color: #ebebeb; border-radius: 0px; border-top: 0px;}.addon-module{background-color:#f9fafb;border-color:#e5e7eb}.addon-module:hover{border-color:#d1d5db}.list-unstyled i.bi-dot{color:#6b7280;margin-right:5px;font-size:1.2em;line-height:1;vertical-align:middle}.list-unstyled li{margin-bottom:8px}.btn-warning{background-color:#f97316;border-color:#f97316}.btn-warning:hover{background-color:#ea580c;border-color:#ea580c}.shadow-sm{box-shadow:0 1px 3px rgba(0,0,0,.1)!important}.entry-title {display: none;}<\/style>\n<p><script>document.addEventListener(\"DOMContentLoaded\",function(){document.querySelectorAll(\".primary-module\");let e=Array.from(document.querySelectorAll('[id^=\"primaryCollapse\"]'));document.querySelectorAll(\".addon-module\");let l=Array.from(document.querySelectorAll('[id^=\"addonCollapse\"]')),o=e.map(e=>new bootstrap.Collapse(e,{toggle:!1})),a=l.map(e=>new bootstrap.Collapse(e,{toggle:!1}));e.forEach((e,l)=>{e.addEventListener(\"show.bs.collapse\",()=>{o.forEach((e,o)=>{o!==l&&e.show()})}),e.addEventListener(\"hide.bs.collapse\",()=>{o.forEach((e,o)=>{o!==l&&e.hide()})})}),l.forEach((e,l)=>{e.addEventListener(\"show.bs.collapse\",()=>{a.forEach((e,o)=>{o!==l&&e.show()})}),e.addEventListener(\"hide.bs.collapse\",()=>{a.forEach((e,o)=>{o!==l&&e.hide()})})})});<\/script><\/p>\n","protected":false},"excerpt":{"rendered":"<p>\u00a1Vamos a encontrar el paquete ideal para ti! Elige la combinaci\u00f3n perfecta de herramientas para impulsar tu negocio con nuestros paquetes de soluciones integrales M\u00f3dulos principales OKRs y Gesti\u00f3n de tareas Para optimizar el rendimiento del negocio y ejecutar tus estrategias con precisi\u00f3n. M\u00e1s detalles OKR Management Creaci\u00f3n de OKRs Seguimiento de progreso 300+ KPIs&hellip; <a class=\"more-link\" href=\"https:\/\/es.profit.co\/precios\/\">Continue reading <span class=\"screen-reader-text\">Precios<\/span><\/a><\/p>\n","protected":false},"author":1,"featured_media":0,"parent":0,"menu_order":0,"comment_status":"closed","ping_status":"closed","template":"","meta":{"footnotes":""},"class_list":["post-57","page","type-page","status-publish","hentry","entry"],"_links":{"self":[{"href":"https:\/\/es.profit.co\/index.php\/wp-json\/wp\/v2\/pages\/57","targetHints":{"allow":["GET"]}}],"collection":[{"href":"https:\/\/es.profit.co\/index.php\/wp-json\/wp\/v2\/pages"}],"about":[{"href":"https:\/\/es.profit.co\/index.php\/wp-json\/wp\/v2\/types\/page"}],"author":[{"embeddable":true,"href":"https:\/\/es.profit.co\/index.php\/wp-json\/wp\/v2\/users\/1"}],"replies":[{"embeddable":true,"href":"https:\/\/es.profit.co\/index.php\/wp-json\/wp\/v2\/comments?post=57"}],"version-history":[{"count":26,"href":"https:\/\/es.profit.co\/index.php\/wp-json\/wp\/v2\/pages\/57\/revisions"}],"predecessor-version":[{"id":799,"href":"https:\/\/es.profit.co\/index.php\/wp-json\/wp\/v2\/pages\/57\/revisions\/799"}],"wp:attachment":[{"href":"https:\/\/es.profit.co\/index.php\/wp-json\/wp\/v2\/media?parent=57"}],"curies":[{"name":"wp","href":"https:\/\/api.w.org\/{rel}","templated":true}]}}