
{"id":61,"date":"2025-05-30T06:41:14","date_gmt":"2025-05-30T06:41:14","guid":{"rendered":"https:\/\/es.profit.co\/?page_id=61"},"modified":"2025-07-30T13:13:20","modified_gmt":"2025-07-30T13:13:20","slug":"customer-stories","status":"publish","type":"page","link":"https:\/\/es.profit.co\/historias-de-clientes\/","title":{"rendered":"Historias de Clientes"},"content":{"rendered":"<section class=case-study>\n<div class=container>\n<div class=\"row align-items-center justify-content-center\">\n<div class=\"col-lg-8 col-md-12 mt-5\">\n<h1 class=\"text-center lh-base\">Descubre por qu\u00e9 los clientes conf\u00edan en Profit.co para mejorar su rendimiento<br \/>\n        <\/h1>\n<\/p><\/div>\n<\/p><\/div>\n<div class=\"row align-items-center justify-content-center\">\n<div class=\"col-lg-10 col-md-12 mb-5\">\n<div class=row>\n<div class=\"col-lg-4 col-md-6 col-sm-10 mt-5\">\n<div class=card><a\n                href=\/historias-de-clientes\/business-transformation-citi-drives-success-with-okrs-and-profit-co-the-platform-bringing-measure-what-matters-to-life\/><img\n                  src=https:\/\/storage.googleapis.com\/profit-prod\/wp-content\/uploads\/2024\/01\/aa375abd-illiana-sanchez.png\n                  width=100% alt=illiana><\/a><\/p>\n<div class=card-body>\n<h6 class=lh-base>Escogimos a Profit.co porque dentro de lo que son los OKR creo que la plataforma est\u00e1 creada para la metodolog\u00eda\u2026 es como si el libro de Measure what matters de John Doerr lo hicieran plataforma<\/h6>\n<div class=\"autho-main mt-2\">\n<div class=author-data>\n<p class=fs-6><b>Illiana S\u00e1nchez<\/b><\/p>\n<p>Business Head<\/p>\n<p>CITI<\/p>\n<\/p><\/div>\n<div class=img-customer><img\n                      src=https:\/\/storage.googleapis.com\/profit-prod\/wp-content\/uploads\/2024\/01\/6b497a75-citi.png><\/div>\n<\/p><\/div>\n<\/div>\n<div class=\"card-footer\"><a href=\/historias-de-clientes\/business-transformation-citi-drives-success-with-okrs-and-profit-co-the-platform-bringing-measure-what-matters-to-life\/\n                  class=\"btn btn-primary\">Read full case study<\/a>\n              <\/div>\n<\/p><\/div>\n<\/p><\/div>\n<div class=\"col-lg-4 col-md-6 col-sm-10 mt-5\">\n<div class=card><a\n                href=\/historias-de-clientes\/a-sentinel-case-study-confident-maximizes-alignment-and-sales-results-with-profit-co\/><img\n                  src=https:\/\/storage.googleapis.com\/profit-prod\/wp-content\/uploads\/2024\/12\/23027bb7-daniela-gallegos.png\n                  width=100% alt=daniela><\/a><\/p>\n<div class=card-body>\n<h6 class=lh-base>Profit.co nos ha permitido no solo alcanzar los objetivos, sino tambi\u00e9n identificar lo que no funciona y evitar perder tiempo y recursos en ello.<\/h6>\n<div class=\"autho-main mt-2\">\n<div class=author-data>\n<p class=fs-6><b>Daniela Gallegos<\/b><\/p>\n<p>Ejecutiva Comercial, Renovaciones<\/p>\n<p>Confident<\/p>\n<\/p><\/div>\n<div class=img-customer><img\n                      src=https:\/\/storage.googleapis.com\/profit-prod\/wp-content\/uploads\/2024\/12\/e07c19cc-confident.png>\n                  <\/div>\n<\/p><\/div>\n<\/div>\n<div class=\"card-footer\"><a\n                  href=\/historias-de-clientes\/a-sentinel-case-study-confident-maximizes-alignment-and-sales-results-with-profit-co\/\n                  class=\"btn btn-primary\">Read full case study<\/a>\n              <\/div>\n<\/p><\/div>\n<\/p><\/div>\n<div class=\"col-lg-4 col-md-6 col-sm-10 mt-5\">\n<div class=card><a\n                href=\/historias-de-clientes\/la-transformacion-de-servnet-como-profit-co-revoluciono-la-gestion-de-objetivos-y-la-alineacion-organizacional\/><img\n                  src=https:\/\/storage.googleapis.com\/profit-prod\/wp-content\/uploads\/2025\/01\/9be339d1-maria.png\n                  width=100% alt=maria class=card-img-top><\/a><\/p>\n<div class=card-body>\n<h6 class=lh-base>C\u00f3mo Profit.co Revolucion\u00f3 la Gesti\u00f3n de Objetivos y la Alineaci\u00f3n Organizacional<\/h6>\n<div class=\"autho-main mt-2\">\n<div class=author-data>\n<p class=fs-6><b>Maria Fernanda Meneses<\/b><\/p>\n<p>Chief People Officer<\/p>\n<p>Servnet<\/p>\n<\/p><\/div>\n<div class=img-customer><img\n                      src=https:\/\/storage.googleapis.com\/profit-prod\/wp-content\/uploads\/2025\/01\/c89e1f8b-servnet.png>\n                  <\/div>\n<\/p><\/div>\n<\/div>\n<div class=\"card-footer\"><a\n                  href=\/historias-de-clientes\/la-transformacion-de-servnet-como-profit-co-revoluciono-la-gestion-de-objetivos-y-la-alineacion-organizacional\/\n                  class=\"btn btn-primary\">Read full case study<\/a>\n              <\/div>\n<\/p><\/div>\n<\/p><\/div>\n<div class=\"col-lg-4 col-md-6 col-sm-10 mt-5\">\n<div class=card><a\n                href=\/historias-de-clientes\/the-success-of-grupo-corporativo-papelera-s-a-de-c-v-with-the-okr-methodology-and-profit-co\/><img\n                  src=https:\/\/storage.googleapis.com\/profit-prod\/wp-content\/uploads\/2024\/07\/e12d57d3-alejandro-avelar.png\n                  width=100% alt=alejandro class=card-img-top><\/a><\/p>\n<div class=card-body>\n<h6 class=lh-base>Tener concentrado los objetivos, los cumplimientos, y el soporte de todo lo que se dice que se cumpli\u00f3 en una sola herramienta, ese es nuestro principal beneficio de Profit.co, eso es lo que yo percibo<\/h6>\n<div class=\"autho-main mt-2\">\n<div class=author-data>\n<p class=fs-6><b>Alejandro Avelar<\/b><\/p>\n<p class=spa-name>Manager of Institutionalization Grupo Corporativo Papelera S.A. de C.V\n                  <\/div>\n<div class=img-customer><img\n                      src=https:\/\/storage.googleapis.com\/profit-prod\/wp-content\/uploads\/2024\/07\/094719a8-gcp.png\n                      width=90%><\/div>\n<\/p><\/div>\n<\/div>\n<div class=\"card-footer\"><a\n                  href=\/historias-de-clientes\/the-success-of-grupo-corporativo-papelera-s-a-de-c-v-with-the-okr-methodology-and-profit-co\/\n                  class=\"btn btn-primary\">Read full case study<\/a>\n              <\/div>\n<\/p><\/div>\n<\/p><\/div>\n<div class=\"col-lg-4 col-md-6 col-sm-10 mt-5\">\n<div class=card><a\n                href=\/historias-de-clientes\/infosels-journey-with-okrs-and-profit-co-a-success-story-of-cultural-transformation-and-alignment\/><img\n                  src=https:\/\/storage.googleapis.com\/profit-prod\/wp-content\/uploads\/2025\/02\/13032966-selene_ortiz.png\n                  width=100% alt=ortiz class=card-img-top><\/a><\/p>\n<div class=card-body>\n<h6 class=lh-base>La trayectoria de Infosel con OKRs y Profit.co Una historia de \u00e9xito en transformaci\u00f3n cultural y alineaci\u00f3n.<\/h6>\n<div class=\"autho-main mt-2\">\n<div class=author-data>\n<p class=fs-6><b>Selene Ortiz<\/b><\/p>\n<p class=spa-name>People &#038; Culture Lead en Infosel\n                  <\/div>\n<div class=img-customer><img\n                      src=https:\/\/storage.googleapis.com\/profit-prod\/wp-content\/uploads\/2025\/02\/58571cb6-infosel.png\n                      width=100><\/div>\n<\/p><\/div>\n<\/div>\n<div class=\"card-footer\"><a\n                  href=\/historias-de-clientes\/infosels-journey-with-okrs-and-profit-co-a-success-story-of-cultural-transformation-and-alignment\/\n                  class=\"btn btn-primary\">Read full case study<\/a>\n              <\/div>\n<\/p><\/div>\n<\/p><\/div>\n<div class=\"col-lg-4 col-md-6 col-sm-10 mt-5\">\n<div class=card><a\n                href=\/historias-de-clientes\/transforming-strategic-management-vision-de-las-americas-universitys-success-with-profit-co-and-okr-methodology\/><img\n                  src=https:\/\/storage.googleapis.com\/profit-prod\/wp-content\/uploads\/2025\/02\/7a592cd3-jose_duvan.png\n                  width=100% alt=ortiz class=card-img-top><\/a><\/p>\n<div class=card-body>\n<h6 class=lh-base>Transformando la Gesti\u00f3n Estrat\u00e9gica: El \u00c9xito de la Universidad Visi\u00f3n de las Am\u00e9ricas con Profit.co y la Metodolog\u00eda OKR<\/h6>\n<div class=\"autho-main mt-2\">\n<div class=author-data>\n<p class=fs-6><b>Jose Duvan V<\/b><\/p>\n<p class=spa-name>Coordinador de Gesti\u00f3n Integral Por Siempre Las Am\u00e9ricas\n                  <\/div>\n<div class=img-customer><img\n                      src=https:\/\/storage.googleapis.com\/profit-prod\/wp-content\/uploads\/2025\/02\/998d8867-fundacion_universitaria_autonoma_de_las_americas_logo.png\n                      width=100><\/div>\n<\/p><\/div>\n<\/p><\/div>\n<div class=\"card-footer\"><a\n                    href=\/historias-de-clientes\/transforming-strategic-management-vision-de-las-americas-universitys-success-with-profit-co-and-okr-methodology\/\n                    class=\"btn btn-primary\">Read full case study<\/a>\n              <\/div>\n<\/p><\/div>\n<\/p><\/div>\n<\/p><\/div>\n<\/p><\/div>\n<\/p><\/div>\n<\/p><\/div>\n<\/section>\n<style> .card {min-height: 620px; }.autho-main { display: flex ; justify-content: space-between; line-height: 9px; padding-top: 5%;     align-items: end;}.author-data p { font-size: 12px; }p.spa-name { line-height: 20px; } .case-study .card-footer {background-color: transparent; border: none; text-align: center;}<\/style>\n","protected":false},"excerpt":{"rendered":"<p>Descubre por qu\u00e9 los clientes conf\u00edan en Profit.co para mejorar su rendimiento Escogimos a Profit.co porque dentro de lo que son los OKR creo que la plataforma est\u00e1 creada para la metodolog\u00eda\u2026 es como si el libro de Measure what matters de John Doerr lo hicieran plataforma Illiana S\u00e1nchez Business Head CITI Read full case&hellip; <a class=\"more-link\" href=\"https:\/\/es.profit.co\/historias-de-clientes\/\">Continue reading <span class=\"screen-reader-text\">Historias de Clientes<\/span><\/a><\/p>\n","protected":false},"author":1,"featured_media":0,"parent":0,"menu_order":0,"comment_status":"closed","ping_status":"closed","template":"","meta":{"footnotes":""},"class_list":["post-61","page","type-page","status-publish","hentry","entry"],"_links":{"self":[{"href":"https:\/\/es.profit.co\/index.php\/wp-json\/wp\/v2\/pages\/61","targetHints":{"allow":["GET"]}}],"collection":[{"href":"https:\/\/es.profit.co\/index.php\/wp-json\/wp\/v2\/pages"}],"about":[{"href":"https:\/\/es.profit.co\/index.php\/wp-json\/wp\/v2\/types\/page"}],"author":[{"embeddable":true,"href":"https:\/\/es.profit.co\/index.php\/wp-json\/wp\/v2\/users\/1"}],"replies":[{"embeddable":true,"href":"https:\/\/es.profit.co\/index.php\/wp-json\/wp\/v2\/comments?post=61"}],"version-history":[{"count":80,"href":"https:\/\/es.profit.co\/index.php\/wp-json\/wp\/v2\/pages\/61\/revisions"}],"predecessor-version":[{"id":896,"href":"https:\/\/es.profit.co\/index.php\/wp-json\/wp\/v2\/pages\/61\/revisions\/896"}],"wp:attachment":[{"href":"https:\/\/es.profit.co\/index.php\/wp-json\/wp\/v2\/media?parent=61"}],"curies":[{"name":"wp","href":"https:\/\/api.w.org\/{rel}","templated":true}]}}